{"id":285,"date":"2023-02-20T18:12:52","date_gmt":"2023-02-20T18:12:52","guid":{"rendered":"https:\/\/decorflat.com\/hdt\/?page_id=285"},"modified":"2023-02-20T18:12:52","modified_gmt":"2023-02-20T18:12:52","slug":"retroexcavadora","status":"publish","type":"page","link":"https:\/\/hdtacademy.pe\/index.php\/retroexcavadora\/","title":{"rendered":"RETROEXCAVADORA"},"content":{"rendered":"\t\t<div data-elementor-type=\"wp-page\" data-elementor-id=\"285\" class=\"elementor elementor-285\">\n\t\t\t\t\t\t\t\t\t<section class=\"elementor-section elementor-top-section elementor-element elementor-element-34488576 elementor-section-full_width elementor-section-stretched elementor-section-height-default elementor-section-height-default\" data-id=\"34488576\" data-element_type=\"section\" data-settings=\"{&quot;stretch_section&quot;:&quot;section-stretched&quot;,&quot;background_background&quot;:&quot;gradient&quot;,&quot;shape_divider_bottom&quot;:&quot;triangle&quot;}\">\n\t\t\t\t\t\t\t<div class=\"elementor-background-overlay\"><\/div>\n\t\t\t\t\t\t<div class=\"elementor-shape elementor-shape-bottom\" data-negative=\"false\">\n\t\t\t<svg xmlns=\"http:\/\/www.w3.org\/2000\/svg\" viewBox=\"0 0 1000 100\" preserveAspectRatio=\"none\">\n\t<path class=\"elementor-shape-fill\" d=\"M500,98.9L0,6.1V0h1000v6.1L500,98.9z\"\/>\n<\/svg>\t\t<\/div>\n\t\t\t\t\t<div class=\"elementor-container elementor-column-gap-default\">\n\t\t\t\t\t<div class=\"elementor-column elementor-col-100 elementor-top-column elementor-element elementor-element-29e61d3b\" data-id=\"29e61d3b\" data-element_type=\"column\">\n\t\t\t<div class=\"elementor-widget-wrap elementor-element-populated\">\n\t\t\t\t\t\t\t\t<div class=\"elementor-element elementor-element-2fc73ec0 elementor-widget elementor-widget-heading\" data-id=\"2fc73ec0\" data-element_type=\"widget\" data-widget_type=\"heading.default\">\n\t\t\t\t<div class=\"elementor-widget-container\">\n\t\t\t<style>\/*! elementor - v3.11.2 - 22-02-2023 *\/\n.elementor-heading-title{padding:0;margin:0;line-height:1}.elementor-widget-heading .elementor-heading-title[class*=elementor-size-]>a{color:inherit;font-size:inherit;line-height:inherit}.elementor-widget-heading .elementor-heading-title.elementor-size-small{font-size:15px}.elementor-widget-heading .elementor-heading-title.elementor-size-medium{font-size:19px}.elementor-widget-heading .elementor-heading-title.elementor-size-large{font-size:29px}.elementor-widget-heading .elementor-heading-title.elementor-size-xl{font-size:39px}.elementor-widget-heading .elementor-heading-title.elementor-size-xxl{font-size:59px}<\/style><h5 class=\"elementor-heading-title elementor-size-default\">PROGRAMA DE CAPACITACI\u00d3N SEGURIDAD MANTENIMIENTO <BR>& OPERACI\u00d3N DE MAQUINARIA PESADA<\/h5>\t\t<\/div>\n\t\t\t\t<\/div>\n\t\t\t\t<div class=\"elementor-element elementor-element-79ce1b3b elementor-widget elementor-widget-heading\" data-id=\"79ce1b3b\" data-element_type=\"widget\" data-widget_type=\"heading.default\">\n\t\t\t\t<div class=\"elementor-widget-container\">\n\t\t\t<h2 class=\"elementor-heading-title elementor-size-default\">RETROEXCAVADORA<\/h2>\t\t<\/div>\n\t\t\t\t<\/div>\n\t\t\t\t\t<\/div>\n\t\t<\/div>\n\t\t\t\t\t\t\t<\/div>\n\t\t<\/section>\n\t\t\t\t<section class=\"elementor-section elementor-top-section elementor-element elementor-element-5f519885 elementor-section-stretched elementor-section-boxed elementor-section-height-default elementor-section-height-default\" data-id=\"5f519885\" data-element_type=\"section\" data-settings=\"{&quot;stretch_section&quot;:&quot;section-stretched&quot;}\">\n\t\t\t\t\t\t<div class=\"elementor-container elementor-column-gap-default\">\n\t\t\t\t\t<div class=\"elementor-column elementor-col-50 elementor-top-column elementor-element elementor-element-6e860164\" data-id=\"6e860164\" data-element_type=\"column\">\n\t\t\t<div class=\"elementor-widget-wrap elementor-element-populated\">\n\t\t\t\t\t\t\t\t<div class=\"elementor-element elementor-element-20b1b8cf elementor-widget elementor-widget-text-editor\" data-id=\"20b1b8cf\" data-element_type=\"widget\" data-widget_type=\"text-editor.default\">\n\t\t\t\t<div class=\"elementor-widget-container\">\n\t\t\t<style>\/*! elementor - v3.11.2 - 22-02-2023 *\/\n.elementor-widget-text-editor.elementor-drop-cap-view-stacked .elementor-drop-cap{background-color:#818a91;color:#fff}.elementor-widget-text-editor.elementor-drop-cap-view-framed .elementor-drop-cap{color:#818a91;border:3px solid;background-color:transparent}.elementor-widget-text-editor:not(.elementor-drop-cap-view-default) .elementor-drop-cap{margin-top:8px}.elementor-widget-text-editor:not(.elementor-drop-cap-view-default) .elementor-drop-cap-letter{width:1em;height:1em}.elementor-widget-text-editor .elementor-drop-cap{float:left;text-align:center;line-height:1;font-size:50px}.elementor-widget-text-editor .elementor-drop-cap-letter{display:inline-block}<\/style>\t\t\t\t<h3>TEORICO TECNICO:<\/h3><ul><li>FUNCIONAMIENTO Y MANTENIMIENTO DEL MOTOR<\/li><li>FUNCIONAMIENTO Y MANTENIMIENTO DEL SIST. HIDRAULICO<\/li><li>FUNCIONAMIENTO Y MANTENIMIENTO DEL SIST. DE ENFRIAMIENTO<\/li><li>FUNCIONAMIENTO Y MANTENIMIENTO DEL SIST. DE LA TRANSMISION<\/li><li>FUNCIONAMIENTO Y MANTENIMIENTO DEL SIST. DE RODAMIENTO<\/li><li>FUNCIONAMIENTO Y MANTENIMIENTO DEL SIST. DE ADMISION \/ ESCAPE<\/li><li>FUNCIONAMIENTO Y MANTENIMIENTO DE LOS IMPLEMENTOS DE TRABAJO<\/li><li>FUNCIONAMIENTO Y PROGRAMACION DEL SIST. DE MONITOREO \u2013 MANDOS Y CONTROLES<\/li><li>TRABAJOS ESPECIFICOS DE LA MAQUINA \u2013 MANEJO DEL FRENTE DE TRABAJO<\/li><\/ul>\t\t\t\t\t\t<\/div>\n\t\t\t\t<\/div>\n\t\t\t\t\t<\/div>\n\t\t<\/div>\n\t\t\t\t<div class=\"elementor-column elementor-col-50 elementor-top-column elementor-element elementor-element-556650ec\" data-id=\"556650ec\" data-element_type=\"column\">\n\t\t\t<div class=\"elementor-widget-wrap elementor-element-populated\">\n\t\t\t\t\t\t\t\t<div class=\"elementor-element elementor-element-35e419b5 elementor-widget elementor-widget-text-editor\" data-id=\"35e419b5\" data-element_type=\"widget\" data-widget_type=\"text-editor.default\">\n\t\t\t\t<div class=\"elementor-widget-container\">\n\t\t\t\t\t\t\t<h3>TECNICO PRACTICO:<\/h3><ul><li>INSPECCION ALREDEDOR DE LA MAQUINA \u2013 CHECK \u2013 LIST \u2013 ATS<\/li><li>COMPROBACION DEL NIVEL DE LOS FLUIDOS<\/li><li>PRECAUCIONES ANTES DURANTE Y DESPUES DEL ARRANQUE<\/li><li>APLICACI\u00d3N DE TRABAJOS ESPECIFICOS CON EL BRAZO RETRO EXCAVADOR<\/li><li>APLICACI\u00d3N DE TRABAJOS ESPECIFICOS CON EL CUCHARON DEL CARGADOR<\/li><li>EXCAVACI\u00d3N DE ZANJAS, REFINE DE TALUDES \u2013 OBRAS DE ARTE<\/li><li>PROCEDIMIENTOS Y T\u00c9CNICAS EN CARGA DE CAMIONES<\/li><li>PROGRAMACI\u00d3N Y CONFIGURACI\u00d3N DE LA TRANSMISI\u00d3N (diferentes)<\/li><li>INSTALACI\u00d3N DE TUBER\u00cdAS \u2013 OTROS TRABAJOS OPCIONALES<\/li><li>TRANSPORTE, DESPLAZAMIENTO, ESTACIONAMIENTO<\/li><li>CIERRE DE LA OPERACI\u00d3N SEGURA<\/li><\/ul>\t\t\t\t\t\t<\/div>\n\t\t\t\t<\/div>\n\t\t\t\t\t<\/div>\n\t\t<\/div>\n\t\t\t\t\t\t\t<\/div>\n\t\t<\/section>\n\t\t\t\t<section class=\"elementor-section elementor-top-section elementor-element elementor-element-43fec22e elementor-section-stretched elementor-section-boxed elementor-section-height-default elementor-section-height-default\" data-id=\"43fec22e\" data-element_type=\"section\" data-settings=\"{&quot;stretch_section&quot;:&quot;section-stretched&quot;}\">\n\t\t\t\t\t\t<div class=\"elementor-container elementor-column-gap-default\">\n\t\t\t\t\t<div class=\"elementor-column elementor-col-50 elementor-top-column elementor-element elementor-element-56570293\" data-id=\"56570293\" data-element_type=\"column\">\n\t\t\t<div class=\"elementor-widget-wrap elementor-element-populated\">\n\t\t\t\t\t\t\t\t<div class=\"elementor-element elementor-element-8cff111 elementor-widget elementor-widget-image\" data-id=\"8cff111\" data-element_type=\"widget\" data-widget_type=\"image.default\">\n\t\t\t\t<div class=\"elementor-widget-container\">\n\t\t\t<style>\/*! elementor - v3.11.2 - 22-02-2023 *\/\n.elementor-widget-image{text-align:center}.elementor-widget-image a{display:inline-block}.elementor-widget-image a img[src$=\".svg\"]{width:48px}.elementor-widget-image img{vertical-align:middle;display:inline-block}<\/style>\t\t\t\t\t\t\t\t\t\t\t\t<img loading=\"lazy\" decoding=\"async\" width=\"1024\" height=\"684\" src=\"https:\/\/hdtacademy.pe\/wp-content\/uploads\/2023\/02\/RETROEXCAVADORA-1-1024x684.jpg\" class=\"attachment-large size-large wp-image-288\" alt=\"\" srcset=\"https:\/\/hdtacademy.pe\/wp-content\/uploads\/2023\/02\/RETROEXCAVADORA-1-1024x684.jpg 1024w, https:\/\/hdtacademy.pe\/wp-content\/uploads\/2023\/02\/RETROEXCAVADORA-1-300x200.jpg 300w, https:\/\/hdtacademy.pe\/wp-content\/uploads\/2023\/02\/RETROEXCAVADORA-1-768x513.jpg 768w, https:\/\/hdtacademy.pe\/wp-content\/uploads\/2023\/02\/RETROEXCAVADORA-1.jpg 1456w\" sizes=\"(max-width: 1024px) 100vw, 1024px\" \/>\t\t\t\t\t\t\t\t\t\t\t\t\t\t\t<\/div>\n\t\t\t\t<\/div>\n\t\t\t\t\t<\/div>\n\t\t<\/div>\n\t\t\t\t<div class=\"elementor-column elementor-col-50 elementor-top-column elementor-element elementor-element-2d8a751c\" data-id=\"2d8a751c\" data-element_type=\"column\">\n\t\t\t<div class=\"elementor-widget-wrap elementor-element-populated\">\n\t\t\t\t\t\t\t\t<div class=\"elementor-element elementor-element-66768484 elementor-widget elementor-widget-heading\" data-id=\"66768484\" data-element_type=\"widget\" data-widget_type=\"heading.default\">\n\t\t\t\t<div class=\"elementor-widget-container\">\n\t\t\t<h3 class=\"elementor-heading-title elementor-size-default\">CERTIFICADOS SGS<\/h3>\t\t<\/div>\n\t\t\t\t<\/div>\n\t\t\t\t<div class=\"elementor-element elementor-element-fb2b6f1 elementor-widget elementor-widget-image\" data-id=\"fb2b6f1\" data-element_type=\"widget\" data-widget_type=\"image.default\">\n\t\t\t\t<div class=\"elementor-widget-container\">\n\t\t\t\t\t\t\t\t\t\t\t\t\t\t\t<img loading=\"lazy\" decoding=\"async\" width=\"220\" height=\"100\" src=\"https:\/\/hdtacademy.pe\/wp-content\/uploads\/2023\/02\/certi.jpg\" class=\"attachment-large size-large wp-image-203\" alt=\"\" \/>\t\t\t\t\t\t\t\t\t\t\t\t\t\t\t<\/div>\n\t\t\t\t<\/div>\n\t\t\t\t<div class=\"elementor-element elementor-element-2d5cf416 elementor-widget elementor-widget-heading\" data-id=\"2d5cf416\" data-element_type=\"widget\" data-widget_type=\"heading.default\">\n\t\t\t\t<div class=\"elementor-widget-container\">\n\t\t\t<h3 class=\"elementor-heading-title elementor-size-default\">CLIENTES<\/h3>\t\t<\/div>\n\t\t\t\t<\/div>\n\t\t\t\t<div class=\"elementor-element elementor-element-5dcafc64 elementor-arrows-position-inside elementor-pagination-position-outside elementor-widget elementor-widget-image-carousel\" data-id=\"5dcafc64\" data-element_type=\"widget\" data-settings=\"{&quot;slides_to_show&quot;:&quot;2&quot;,&quot;navigation&quot;:&quot;both&quot;,&quot;autoplay&quot;:&quot;yes&quot;,&quot;pause_on_hover&quot;:&quot;yes&quot;,&quot;pause_on_interaction&quot;:&quot;yes&quot;,&quot;autoplay_speed&quot;:5000,&quot;infinite&quot;:&quot;yes&quot;,&quot;speed&quot;:500}\" data-widget_type=\"image-carousel.default\">\n\t\t\t\t<div class=\"elementor-widget-container\">\n\t\t\t<style>\/*! elementor - v3.11.2 - 22-02-2023 *\/\n.elementor-widget-image-carousel .swiper,.elementor-widget-image-carousel .swiper-container{position:static}.elementor-widget-image-carousel .swiper-container .swiper-slide figure,.elementor-widget-image-carousel .swiper .swiper-slide figure{line-height:inherit}.elementor-widget-image-carousel .swiper-slide{text-align:center}.elementor-image-carousel-wrapper:not(.swiper-container-initialized) .swiper-slide,.elementor-image-carousel-wrapper:not(.swiper-initialized) .swiper-slide{max-width:calc(100% \/ var(--e-image-carousel-slides-to-show, 3))}<\/style>\t\t<div class=\"elementor-image-carousel-wrapper swiper\" dir=\"ltr\">\n\t\t\t<div class=\"elementor-image-carousel swiper-wrapper\">\n\t\t\t\t\t\t\t\t<div class=\"swiper-slide\"><figure class=\"swiper-slide-inner\"><img decoding=\"async\" class=\"swiper-slide-image\" src=\"https:\/\/hdtacademy.pe\/wp-content\/uploads\/2023\/02\/volcan-saa1.jpg\" alt=\"volcan-saa1\" \/><\/figure><\/div><div class=\"swiper-slide\"><figure class=\"swiper-slide-inner\"><img decoding=\"async\" class=\"swiper-slide-image\" src=\"https:\/\/hdtacademy.pe\/wp-content\/uploads\/2023\/02\/servicios-mineros-gloria1.jpg\" alt=\"servicios-mineros-gloria1\" \/><\/figure><\/div><div class=\"swiper-slide\"><figure class=\"swiper-slide-inner\"><img decoding=\"async\" class=\"swiper-slide-image\" src=\"https:\/\/hdtacademy.pe\/wp-content\/uploads\/2023\/02\/p6.jpg\" alt=\"p6\" \/><\/figure><\/div><div class=\"swiper-slide\"><figure class=\"swiper-slide-inner\"><img decoding=\"async\" class=\"swiper-slide-image\" src=\"https:\/\/hdtacademy.pe\/wp-content\/uploads\/2023\/02\/p5.jpg\" alt=\"p5\" \/><\/figure><\/div><div class=\"swiper-slide\"><figure class=\"swiper-slide-inner\"><img decoding=\"async\" class=\"swiper-slide-image\" src=\"https:\/\/hdtacademy.pe\/wp-content\/uploads\/2023\/02\/p4.jpg\" alt=\"p4\" \/><\/figure><\/div><div class=\"swiper-slide\"><figure class=\"swiper-slide-inner\"><img decoding=\"async\" class=\"swiper-slide-image\" src=\"https:\/\/hdtacademy.pe\/wp-content\/uploads\/2023\/02\/p3.jpg\" alt=\"p3\" \/><\/figure><\/div><div class=\"swiper-slide\"><figure class=\"swiper-slide-inner\"><img decoding=\"async\" class=\"swiper-slide-image\" src=\"https:\/\/hdtacademy.pe\/wp-content\/uploads\/2023\/02\/p3.1.jpg\" alt=\"p3.1\" \/><\/figure><\/div><div class=\"swiper-slide\"><figure class=\"swiper-slide-inner\"><img decoding=\"async\" class=\"swiper-slide-image\" src=\"https:\/\/hdtacademy.pe\/wp-content\/uploads\/2023\/02\/p2.jpg\" alt=\"p2\" \/><\/figure><\/div><div class=\"swiper-slide\"><figure class=\"swiper-slide-inner\"><img decoding=\"async\" class=\"swiper-slide-image\" src=\"https:\/\/hdtacademy.pe\/wp-content\/uploads\/2023\/02\/p1.jpg\" alt=\"p1\" \/><\/figure><\/div><div class=\"swiper-slide\"><figure class=\"swiper-slide-inner\"><img decoding=\"async\" class=\"swiper-slide-image\" src=\"https:\/\/hdtacademy.pe\/wp-content\/uploads\/2023\/02\/obrainsa.jpg\" alt=\"obrainsa\" \/><\/figure><\/div><div class=\"swiper-slide\"><figure class=\"swiper-slide-inner\"><img decoding=\"async\" class=\"swiper-slide-image\" src=\"https:\/\/hdtacademy.pe\/wp-content\/uploads\/2023\/02\/cliente6.jpg\" alt=\"cliente6\" \/><\/figure><\/div><div class=\"swiper-slide\"><figure class=\"swiper-slide-inner\"><img decoding=\"async\" class=\"swiper-slide-image\" src=\"https:\/\/hdtacademy.pe\/wp-content\/uploads\/2023\/02\/cliente4.jpg\" alt=\"cliente4\" \/><\/figure><\/div><div class=\"swiper-slide\"><figure class=\"swiper-slide-inner\"><img decoding=\"async\" class=\"swiper-slide-image\" src=\"https:\/\/hdtacademy.pe\/wp-content\/uploads\/2023\/02\/cia-minera-piura1.jpg\" alt=\"cia-minera-piura1\" \/><\/figure><\/div><div class=\"swiper-slide\"><figure class=\"swiper-slide-inner\"><img decoding=\"async\" class=\"swiper-slide-image\" src=\"https:\/\/hdtacademy.pe\/wp-content\/uploads\/2023\/02\/aesa-logo1.jpg\" alt=\"aesa-logo1\" \/><\/figure><\/div>\t\t\t<\/div>\n\t\t\t\t\t\t\t\t\t\t\t\t<div class=\"swiper-pagination\"><\/div>\n\t\t\t\t\t\t\t\t\t\t\t\t\t<div class=\"elementor-swiper-button elementor-swiper-button-prev\">\n\t\t\t\t\t\t<i aria-hidden=\"true\" class=\"eicon-chevron-left\"><\/i>\t\t\t\t\t\t<span class=\"elementor-screen-only\">Previous<\/span>\n\t\t\t\t\t<\/div>\n\t\t\t\t\t<div class=\"elementor-swiper-button elementor-swiper-button-next\">\n\t\t\t\t\t\t<i aria-hidden=\"true\" class=\"eicon-chevron-right\"><\/i>\t\t\t\t\t\t<span class=\"elementor-screen-only\">Next<\/span>\n\t\t\t\t\t<\/div>\n\t\t\t\t\t\t\t\t\t<\/div>\n\t\t\t\t<\/div>\n\t\t\t\t<\/div>\n\t\t\t\t\t<\/div>\n\t\t<\/div>\n\t\t\t\t\t\t\t<\/div>\n\t\t<\/section>\n\t\t\t\t\t\t\t<\/div>\n\t\t","protected":false},"excerpt":{"rendered":"<p>PROGRAMA DE CAPACITACI\u00d3N SEGURIDAD MANTENIMIENTO &#038; OPERACI\u00d3N DE MAQUINARIA PESADA RETROEXCAVADORA TEORICO TECNICO: FUNCIONAMIENTO Y MANTENIMIENTO DEL MOTOR FUNCIONAMIENTO Y MANTENIMIENTO DEL SIST. HIDRAULICO FUNCIONAMIENTO Y<span class=\"excerpt-hellip\"> [\u2026]<\/span><\/p>\n","protected":false},"author":1,"featured_media":0,"parent":0,"menu_order":0,"comment_status":"closed","ping_status":"closed","template":"","meta":{"footnotes":"","_joinchat":[]},"_links":{"self":[{"href":"https:\/\/hdtacademy.pe\/index.php\/wp-json\/wp\/v2\/pages\/285"}],"collection":[{"href":"https:\/\/hdtacademy.pe\/index.php\/wp-json\/wp\/v2\/pages"}],"about":[{"href":"https:\/\/hdtacademy.pe\/index.php\/wp-json\/wp\/v2\/types\/page"}],"author":[{"embeddable":true,"href":"https:\/\/hdtacademy.pe\/index.php\/wp-json\/wp\/v2\/users\/1"}],"replies":[{"embeddable":true,"href":"https:\/\/hdtacademy.pe\/index.php\/wp-json\/wp\/v2\/comments?post=285"}],"version-history":[{"count":0,"href":"https:\/\/hdtacademy.pe\/index.php\/wp-json\/wp\/v2\/pages\/285\/revisions"}],"wp:attachment":[{"href":"https:\/\/hdtacademy.pe\/index.php\/wp-json\/wp\/v2\/media?parent=285"}],"curies":[{"name":"wp","href":"https:\/\/api.w.org\/{rel}","templated":true}]}}